{"id":879,"date":"2025-09-08T11:40:25","date_gmt":"2025-09-08T11:40:25","guid":{"rendered":"https:\/\/osmanlipartisi.org.tr\/?page_id=879"},"modified":"2025-09-08T11:42:42","modified_gmt":"2025-09-08T11:42:42","slug":"kvkk-aydinlatma","status":"publish","type":"page","link":"https:\/\/osmanlipartisi.org.tr\/?page_id=879","title":{"rendered":"KVKK \u2013 Ayd\u0131nlatma"},"content":{"rendered":"\t\t<div data-elementor-type=\"wp-page\" data-elementor-id=\"879\" class=\"elementor elementor-879\">\n\t\t\t\t\t\t<section class=\"elementor-section elementor-top-section elementor-element elementor-element-45a2b55 elementor-section-boxed elementor-section-height-default elementor-section-height-default\" data-id=\"45a2b55\" data-element_type=\"section\">\n\t\t\t\t\t\t<div class=\"elementor-container elementor-column-gap-default\">\n\t\t\t\t\t<div class=\"elementor-column elementor-col-100 elementor-top-column elementor-element elementor-element-dd73b55\" data-id=\"dd73b55\" data-element_type=\"column\">\n\t\t\t<div class=\"elementor-widget-wrap elementor-element-populated\">\n\t\t\t\t\t\t<div class=\"elementor-element elementor-element-4aba2cc elementor-widget elementor-widget-heading\" data-id=\"4aba2cc\" data-element_type=\"widget\" data-widget_type=\"heading.default\">\n\t\t\t\t<div class=\"elementor-widget-container\">\n\t\t\t\t\t<h2 class=\"elementor-heading-title elementor-size-default\">KVKK \u2013 Ayd\u0131nlatma<\/h2>\t\t\t\t<\/div>\n\t\t\t\t<\/div>\n\t\t\t\t<div class=\"elementor-element elementor-element-4f6cd29 elementor-widget elementor-widget-spacer\" data-id=\"4f6cd29\" data-element_type=\"widget\" data-widget_type=\"spacer.default\">\n\t\t\t\t<div class=\"elementor-widget-container\">\n\t\t\t\t\t\t\t<div class=\"elementor-spacer\">\n\t\t\t<div class=\"elementor-spacer-inner\"><\/div>\n\t\t<\/div>\n\t\t\t\t\t\t<\/div>\n\t\t\t\t<\/div>\n\t\t\t\t<div class=\"elementor-element elementor-element-376d405 elementor-widget elementor-widget-text-editor\" data-id=\"376d405\" data-element_type=\"widget\" data-widget_type=\"text-editor.default\">\n\t\t\t\t<div class=\"elementor-widget-container\">\n\t\t\t\t\t\t\t\t\t<p data-start=\"181\" data-end=\"438\"><strong data-start=\"181\" data-end=\"200\">OSMANLI PART\u0130S\u0130<\/strong> olarak, 6698 Say\u0131l\u0131 Ki\u015fisel Verilerin Korunmas\u0131 Kanunu\u2019nun 10\u2019uncu maddesi uyar\u0131nca haz\u0131rlad\u0131\u011f\u0131m\u0131z ve partinin ki\u015fisel veri i\u015fleme eylemleri ile ilgili bilgi i\u00e7eren ayd\u0131nlatma metnini kamuoyunun ve ilgili ki\u015filerin bilgilerine sunar\u0131z.<\/p><hr data-start=\"440\" data-end=\"443\" \/><h3 data-start=\"445\" data-end=\"474\">MADDE 1: VER\u0130 SORUMLUSU<\/h3><p data-start=\"476\" data-end=\"812\">Ki\u015fisel verileriniz, veri sorumlusu s\u0131fat\u0131yla <strong data-start=\"522\" data-end=\"541\">OSMANLI PART\u0130S\u0130<\/strong> taraf\u0131ndan a\u015fa\u011f\u0131da a\u00e7\u0131klanan kapsamda i\u015flenebilecektir. Veri sorumlusu kavram\u0131ndan anla\u015f\u0131lmas\u0131 gereken; ki\u015fisel verilerin i\u015fleme ama\u00e7lar\u0131n\u0131 ve ara\u00e7lar\u0131n\u0131 belirleyen, veri kay\u0131t dizgesinin (sisteminin) kurulmas\u0131ndan ve y\u00f6netilmesinden sorumlu ger\u00e7ek veya t\u00fczel ki\u015fidir.<\/p><p data-start=\"814\" data-end=\"859\"><strong data-start=\"814\" data-end=\"857\">Veri sorumlusuyla ileti\u015fim kurmak i\u00e7in:<\/strong><\/p><ul data-start=\"861\" data-end=\"1062\"><li data-start=\"861\" data-end=\"942\"><p data-start=\"863\" data-end=\"942\"><strong data-start=\"863\" data-end=\"872\">Adres<\/strong>: Menderes Mah. Cengiz Topel Cad. No:41\/A Yenikent \u2013 Sincan \/ ANKARA<\/p><\/li><li data-start=\"943\" data-end=\"967\"><p data-start=\"945\" data-end=\"967\"><strong data-start=\"945\" data-end=\"956\">Telefon<\/strong>: \u2026\u2026\u2026\u2026\u2026\u2026\u2026<\/p><\/li><li data-start=\"968\" data-end=\"1011\"><p data-start=\"970\" data-end=\"1011\"><strong data-start=\"970\" data-end=\"981\">E-posta<\/strong>: <a class=\"decorated-link cursor-pointer\" rel=\"noopener\" data-start=\"983\" data-end=\"1009\">info@osmanlipartisi.org.tr<\/a><\/p><\/li><li data-start=\"1012\" data-end=\"1062\"><p data-start=\"1014\" data-end=\"1062\"><strong data-start=\"1014\" data-end=\"1033\">\u0130nternet Sitesi<\/strong>: <a class=\"decorated-link\" href=\"http:\/\/www.osmanlipartisi.org.tr\" target=\"_new\" rel=\"noopener\" data-start=\"1035\" data-end=\"1060\">www.osmanlipartisi.org.tr<\/a><\/p><\/li><\/ul><hr data-start=\"1064\" data-end=\"1067\" \/><h3 data-start=\"1069\" data-end=\"1113\">MADDE 2: K\u0130\u015e\u0130SEL VER\u0130LER\u0130 \u0130\u015eLEME AMACI<\/h3><p data-start=\"1115\" data-end=\"1179\">Ki\u015fisel veriler taraf\u0131m\u0131zca a\u015fa\u011f\u0131daki ama\u00e7larla i\u015flenmektedir:<\/p><ul data-start=\"1181\" data-end=\"2375\"><li data-start=\"1181\" data-end=\"1240\"><p data-start=\"1183\" data-end=\"1240\">Online \u00dcyelik kapsam\u0131nda kay\u0131t ve belgeleri d\u00fczenlemek,<\/p><\/li><li data-start=\"1241\" data-end=\"1296\"><p data-start=\"1243\" data-end=\"1296\">Parti T\u00fczel Ki\u015fili\u011fi i\u00e7erisinde ileti\u015fimi sa\u011flamak,<\/p><\/li><li data-start=\"1297\" data-end=\"1458\"><p data-start=\"1299\" data-end=\"1458\">Parti g\u00f6rev da\u011f\u0131l\u0131m gereksinimlerini saptamak, kar\u015f\u0131lamak, e\u011fitim tasar\u0131lar\u0131n\u0131 duyurmak, e\u011fitim etkinliklerini izlemek, g\u00f6zlemek, y\u00fcr\u00fctmek ve de\u011ferlendirmek,<\/p><\/li><li data-start=\"1459\" data-end=\"1499\"><p data-start=\"1461\" data-end=\"1499\">\u0130statistiksel \u00e7al\u0131\u015fmalar yapabilmek,<\/p><\/li><li data-start=\"1500\" data-end=\"1629\"><p data-start=\"1502\" data-end=\"1629\">Bilgi i\u015flem gereksinimlerini sa\u011flamak ve buna ili\u015fkin olarak sizlere gerekli bilgilerin aktar\u0131lmas\u0131 amac\u0131yla ileti\u015fim kurmak,<\/p><\/li><li data-start=\"1630\" data-end=\"1692\"><p data-start=\"1632\" data-end=\"1692\">Osmanl\u0131 Partisi i\u00e7 politika ve y\u00f6ntemlerine uyum sa\u011flamak,<\/p><\/li><li data-start=\"1693\" data-end=\"1813\"><p data-start=\"1695\" data-end=\"1813\">Yasal d\u00fczenlemelerin gerektirdi\u011fi veya zorunlu k\u0131ld\u0131\u011f\u0131 \u015fekilde hukuki y\u00fck\u00fcml\u00fcl\u00fcklerin yerine getirilmesini sa\u011flamak,<\/p><\/li><li data-start=\"1814\" data-end=\"1868\"><p data-start=\"1816\" data-end=\"1868\">\u0130stem ve \u015fik\u00e2yet s\u00fcrecinin y\u00f6netilmesini sa\u011flamak,<\/p><\/li><li data-start=\"1869\" data-end=\"1945\"><p data-start=\"1871\" data-end=\"1945\">Parti ile ili\u015fkisi bulunan di\u011fer ger\u00e7ek\/t\u00fczel ki\u015filerle ileti\u015fim kurmak,<\/p><\/li><li data-start=\"1946\" data-end=\"1980\"><p data-start=\"1948\" data-end=\"1980\">Yasal raporlamalar haz\u0131rlamak,<\/p><\/li><li data-start=\"1981\" data-end=\"2020\"><p data-start=\"1983\" data-end=\"2020\">\u00c7a\u011fr\u0131 merkezi s\u00fcre\u00e7lerini y\u00f6netmek,<\/p><\/li><li data-start=\"2021\" data-end=\"2117\"><p data-start=\"2023\" data-end=\"2117\">\u0130leride do\u011fabilecek hukuki uyu\u015fmazl\u0131klarda delil olarak ispat y\u00fck\u00fcml\u00fcl\u00fc\u011f\u00fcn\u00fc yerine getirmek,<\/p><\/li><li data-start=\"2118\" data-end=\"2182\"><p data-start=\"2120\" data-end=\"2182\">Parti ile ilgili hukuk i\u015flerinin icras\u0131\/takibini yapabilmek,<\/p><\/li><li data-start=\"2183\" data-end=\"2375\"><p data-start=\"2185\" data-end=\"2375\">Siyasi parti eylemlerini yerine getirmek ve yapm\u0131\u015f oldu\u011funuz Online \u00dcyelik formunda verdi\u011finiz bilgileri Yarg\u0131tay Cumhuriyet Ba\u015fsavc\u0131l\u0131\u011f\u0131 web sitesi \u00fczerinden \u00dcye Kay\u0131t Sistemi\u2019ne i\u015flemek.<\/p><\/li><\/ul><p data-start=\"2377\" data-end=\"2518\">Ki\u015fisel verileriniz, 6698 say\u0131l\u0131 Kanun\u2019un 5. ve 6. maddelerinde belirtilen ki\u015fisel veri i\u015fleme \u015fartlar\u0131 ve ama\u00e7lar\u0131 dahilinde i\u015flenecektir.<\/p><hr data-start=\"2520\" data-end=\"2523\" \/><p data-start=\"2525\" data-end=\"2561\"><strong data-start=\"2525\" data-end=\"2559\">Veri \u00d6beklendirmesi | A\u00e7\u0131klama<\/strong><\/p><ul data-start=\"2562\" data-end=\"3018\"><li data-start=\"2562\" data-end=\"2635\"><p data-start=\"2564\" data-end=\"2635\"><strong data-start=\"2564\" data-end=\"2582\">Kimlik Bilgisi<\/strong>: Ad, soyad, do\u011fum tarihi, cinsiyet, T.C. kimlik no<\/p><\/li><li data-start=\"2636\" data-end=\"2690\"><p data-start=\"2638\" data-end=\"2690\"><strong data-start=\"2638\" data-end=\"2658\">\u0130leti\u015fim Bilgisi<\/strong>: Telefon, a\u00e7\u0131k adres, e-posta<\/p><\/li><li data-start=\"2691\" data-end=\"2752\"><p data-start=\"2693\" data-end=\"2752\"><strong data-start=\"2693\" data-end=\"2722\">\u00d6\u011frenim ve Meslek Bilgisi<\/strong>: \u00d6\u011frenim durumu \/ i\u015f tan\u0131m\u0131<\/p><\/li><li data-start=\"2753\" data-end=\"2822\"><p data-start=\"2755\" data-end=\"2822\"><strong data-start=\"2755\" data-end=\"2786\">\u00d6zel Nitelikli Ki\u015fisel Veri<\/strong>: Adli sicil kayd\u0131, dernek \u00fcyeli\u011fi<\/p><\/li><li data-start=\"2823\" data-end=\"2878\"><p data-start=\"2825\" data-end=\"2878\"><strong data-start=\"2825\" data-end=\"2862\">Banka Hesap \/ Kredi Kart\u0131 Bilgisi<\/strong>: IBAN bilgisi<\/p><\/li><li data-start=\"2879\" data-end=\"2920\"><p data-start=\"2881\" data-end=\"2920\"><strong data-start=\"2881\" data-end=\"2908\">\u0130\u015fitsel ve G\u00f6rsel Bilgi<\/strong>: Foto\u011fraf<\/p><\/li><li data-start=\"2921\" data-end=\"2973\"><p data-start=\"2923\" data-end=\"2973\"><strong data-start=\"2923\" data-end=\"2953\">Etkinlik \/ \u00c7al\u0131\u015fma Bilgisi<\/strong>: Partideki g\u00f6revi<\/p><\/li><li data-start=\"2974\" data-end=\"3018\"><p data-start=\"2976\" data-end=\"3018\"><strong data-start=\"2976\" data-end=\"2985\">Di\u011fer<\/strong>: Gazilik ya da \u015fehit yak\u0131nl\u0131\u011f\u0131<\/p><\/li><\/ul><hr data-start=\"3020\" data-end=\"3023\" \/><h3 data-start=\"3025\" data-end=\"3100\">MADDE 3: K\u0130\u015e\u0130SEL VER\u0130LER\u0130N AKTARILAB\u0130LECE\u011e\u0130 TARAFLAR VE AKTARMA AMACI<\/h3><p data-start=\"3102\" data-end=\"3241\">Parti \u00fcyelerine ili\u015fkin ki\u015fisel veriler, Kanun\u2019un 8. ve 9. maddelerinde belirtilen ki\u015fisel veri i\u015fleme \u015fartlar\u0131 ve ama\u00e7lar\u0131 \u00e7er\u00e7evesinde:<\/p><ul data-start=\"3243\" data-end=\"3823\"><li data-start=\"3243\" data-end=\"3359\"><p data-start=\"3245\" data-end=\"3359\">Parti eylemlerine ili\u015fkin tasar\u0131lar\u0131n haz\u0131rlanmas\u0131 ve uygulanmas\u0131 amac\u0131yla hizmet sa\u011flay\u0131c\u0131 ve i\u015f ortaklar\u0131m\u0131za,<\/p><\/li><li data-start=\"3360\" data-end=\"3472\"><p data-start=\"3362\" data-end=\"3472\">Parti i\u00e7i e\u011fitimler ve Siyaset Akademisi kapsam\u0131ndaki faaliyetler i\u00e7in hizmet sa\u011flay\u0131c\u0131 ve i\u015f ortaklar\u0131m\u0131za,<\/p><\/li><li data-start=\"3473\" data-end=\"3563\"><p data-start=\"3475\" data-end=\"3563\">\u0130lgili kamu kurum ve kurulu\u015flar\u0131n\u0131n istemleri do\u011frultusunda hukuken yetkili kurumlara,<\/p><\/li><li data-start=\"3564\" data-end=\"3685\"><p data-start=\"3566\" data-end=\"3685\">\u0130statistiksel \u00e7al\u0131\u015fmalar ve parti i\u00e7i \u00f6rg\u00fctsel uyumun sa\u011flanmas\u0131 amac\u0131yla partinin yurt i\u00e7i ve yurt d\u0131\u015f\u0131 \u00f6rg\u00fctlerine,<\/p><\/li><li data-start=\"3686\" data-end=\"3823\"><p data-start=\"3688\" data-end=\"3823\">Yetkili makamlarca y\u00fcr\u00fct\u00fclen soru\u015fturmalarda denetleyici ve d\u00fczenleyici kurumlara, adli makamlara, emniyet ve istihbarat te\u015fkilat\u0131na,<\/p><\/li><\/ul><p data-start=\"3825\" data-end=\"3913\">aktar\u0131labilecektir.<br data-start=\"3844\" data-end=\"3847\" \/>Ki\u015fisel verileriniz ilgisiz \u00fc\u00e7\u00fcnc\u00fc ki\u015filerle payla\u015f\u0131lmamaktad\u0131r.<\/p><hr data-start=\"3915\" data-end=\"3918\" \/><h3 data-start=\"3920\" data-end=\"3986\">MADDE 4: K\u0130\u015e\u0130SEL VER\u0130 TOPLAMA Y\u00d6NTEMLER\u0130 VE HUKUK\u0130 SEBEPLER\u0130<\/h3><p data-start=\"3988\" data-end=\"4117\">Ki\u015fisel veriler; internet sitesi, mobil uygulama, sosyal medya formlar\u0131 ve fiziki ortamlarda toplanmaktad\u0131r.<br data-start=\"4096\" data-end=\"4099\" \/>Hukuki sebepler:<\/p><ul data-start=\"4119\" data-end=\"4386\"><li data-start=\"4119\" data-end=\"4185\"><p data-start=\"4121\" data-end=\"4185\">Anayasa madde 67 ve 68\u2019de yer alan siyasal haklar\u0131n kullan\u0131m\u0131,<\/p><\/li><li data-start=\"4186\" data-end=\"4228\"><p data-start=\"4188\" data-end=\"4228\">Osmanl\u0131 Partisi\u2019nin me\u015fru menfaatleri,<\/p><\/li><li data-start=\"4229\" data-end=\"4275\"><p data-start=\"4231\" data-end=\"4275\">A\u00e7\u0131k r\u0131za al\u0131narak saklanabilecek veriler,<\/p><\/li><li data-start=\"4276\" data-end=\"4322\"><p data-start=\"4278\" data-end=\"4322\">Hukuki y\u00fck\u00fcml\u00fcl\u00fcklerin yerine getirilmesi,<\/p><\/li><li data-start=\"4323\" data-end=\"4386\"><p data-start=\"4325\" data-end=\"4386\">KVKK uyar\u0131nca ayd\u0131nlatma y\u00fck\u00fcml\u00fcl\u00fc\u011f\u00fcn\u00fcn yerine getirilmesi.<\/p><\/li><\/ul><hr data-start=\"4388\" data-end=\"4391\" \/><h3 data-start=\"4393\" data-end=\"4430\">MADDE 5: \u0130LG\u0130L\u0130 K\u0130\u015e\u0130N\u0130N HAKLARI<\/h3><p data-start=\"4432\" data-end=\"4500\">Ki\u015fisel verisi i\u015flenen ger\u00e7ek ki\u015fi, Osmanl\u0131 Partisi\u2019ne ba\u015fvurarak:<\/p><p data-start=\"4502\" data-end=\"5117\">a) Ki\u015fisel veri i\u015flenip i\u015flenmedi\u011fini \u00f6\u011frenme,<br data-start=\"4548\" data-end=\"4551\" \/>b) \u0130\u015flenmi\u015fse buna ili\u015fkin bilgi talep etme,<br data-start=\"4595\" data-end=\"4598\" \/>c) \u0130\u015flenme amac\u0131n\u0131 ve amac\u0131na uygun kullan\u0131l\u0131p kullan\u0131lmad\u0131\u011f\u0131n\u0131 \u00f6\u011frenme,<br data-start=\"4670\" data-end=\"4673\" \/>\u00e7) Yurt i\u00e7inde veya yurt d\u0131\u015f\u0131nda ki\u015fisel verilerin aktar\u0131ld\u0131\u011f\u0131 \u00fc\u00e7\u00fcnc\u00fc ki\u015fileri bilme,<br data-start=\"4758\" data-end=\"4761\" \/>d) Eksik veya yanl\u0131\u015f i\u015flenmi\u015fse d\u00fczeltilmesini isteme,<br data-start=\"4815\" data-end=\"4818\" \/>e) 7\u2019nci maddeye g\u00f6re silinmesini veya yok edilmesini isteme,<br data-start=\"4879\" data-end=\"4882\" \/>f) Bu i\u015flemlerin \u00fc\u00e7\u00fcnc\u00fc ki\u015filere bildirilmesini isteme,<br data-start=\"4937\" data-end=\"4940\" \/>g) M\u00fcnhas\u0131ran otomatik sistemler vas\u0131tas\u0131yla aleyhe sonu\u00e7 \u00e7\u0131kmas\u0131na itiraz etme,<br data-start=\"5020\" data-end=\"5023\" \/>\u011f) Kanuna ayk\u0131r\u0131 i\u015fleme sebebiyle zarara u\u011framas\u0131 halinde zarar\u0131n\u0131n giderilmesini talep etme<\/p><p data-start=\"5119\" data-end=\"5140\">haklar\u0131na sahiptir.<\/p><hr data-start=\"5142\" data-end=\"5145\" \/><h3 data-start=\"5147\" data-end=\"5184\">\u00c7erezler ve Gizlilik Politikas\u0131<\/h3><p data-start=\"5186\" data-end=\"5380\">Osmanl\u0131 Partisi, ki\u015fisel verilerinizin i\u015flenmesi ve payla\u015f\u0131lmas\u0131 s\u00fcre\u00e7lerinde g\u00fcvenlik tedbirlerini almaktad\u0131r.<br data-start=\"5297\" data-end=\"5300\" \/>Ki\u015fisel verileriniz yaln\u0131zca ilgili kanunlar \u00e7er\u00e7evesinde toplan\u0131r ve i\u015flenir.<\/p><p data-start=\"5382\" data-end=\"5485\">Web sitemizi ve hizmetlerimizi kullanmakla bu <strong data-start=\"5428\" data-end=\"5451\">Gizlilik Politikas\u0131<\/strong>\u2019n\u0131 kabul etmi\u015f say\u0131lmaktas\u0131n\u0131z.<\/p><p data-start=\"5487\" data-end=\"5774\">\u00c7erezler, daha iyi bir deneyim i\u00e7in kullan\u0131lmaktad\u0131r. \u00c7erezlerin amac\u0131; site i\u015flevselli\u011fini art\u0131rmak, ziyaret\u00e7i davran\u0131\u015flar\u0131n\u0131 anlamak ve hizmetleri geli\u015ftirmektir. \u00dc\u00e7\u00fcnc\u00fc taraf hizmet sa\u011flay\u0131c\u0131larla i\u015fbirli\u011fi yap\u0131labilir, ancak bu veriler yaln\u0131zca ilgili ama\u00e7lar i\u00e7in kullan\u0131lacakt\u0131r.<\/p><p data-start=\"5776\" data-end=\"5891\">Ki\u015fisel verilerinizi g\u00fcncelleme ve hizmetlerden ayr\u0131lma talepleriniz do\u011frultusunda gerekli i\u015flemler yap\u0131lacakt\u0131r.<\/p><p data-start=\"5893\" data-end=\"6026\">Osmanl\u0131 Partisi, <strong data-start=\"5910\" data-end=\"6002\">6698 say\u0131l\u0131 KVKK kapsam\u0131nda ki\u015fisel verilerimin kay\u0131t ve kullan\u0131m\u0131na a\u00e7\u0131k\u00e7a r\u0131zam vard\u0131r<\/strong> ilkesine ba\u011fl\u0131 kal\u0131r.<\/p><p data-start=\"6028\" data-end=\"6107\">Partimiz, gerekli durumlarda bu metinde de\u011fi\u015fiklik yapma hakk\u0131n\u0131 sakl\u0131 tutar.<\/p>\t\t\t\t\t\t\t\t<\/div>\n\t\t\t\t<\/div>\n\t\t\t\t\t<\/div>\n\t\t<\/div>\n\t\t\t\t\t<\/div>\n\t\t<\/section>\n\t\t\t\t<\/div>\n\t\t","protected":false},"excerpt":{"rendered":"<p>KVKK \u2013 Ayd\u0131nlatma OSMANLI PART\u0130S\u0130 olarak, 6698 Say\u0131l\u0131 Ki\u015fisel Verilerin Korunmas\u0131 Kanunu\u2019nun 10\u2019uncu maddesi uyar\u0131nca haz\u0131rlad\u0131\u011f\u0131m\u0131z ve partinin ki\u015fisel veri i\u015fleme eylemleri ile ilgili bilgi i\u00e7eren ayd\u0131nlatma metnini kamuoyunun ve ilgili ki\u015filerin bilgilerine sunar\u0131z. MADDE 1: VER\u0130 SORUMLUSU Ki\u015fisel verileriniz, veri sorumlusu s\u0131fat\u0131yla OSMANLI PART\u0130S\u0130 taraf\u0131ndan a\u015fa\u011f\u0131da a\u00e7\u0131klanan kapsamda i\u015flenebilecektir. Veri sorumlusu kavram\u0131ndan anla\u015f\u0131lmas\u0131 gereken; [&hellip;]<\/p>\n","protected":false},"author":1,"featured_media":0,"parent":0,"menu_order":0,"comment_status":"closed","ping_status":"closed","template":"","meta":{"give_campaign_id":0,"jnews_page_loop":[],"jnews_single_page":[],"jnews_social_meta":[],"footnotes":""},"class_list":["post-879","page","type-page","status-publish","hentry"],"campaignId":"","_links":{"self":[{"href":"https:\/\/osmanlipartisi.org.tr\/index.php?rest_route=\/wp\/v2\/pages\/879","targetHints":{"allow":["GET"]}}],"collection":[{"href":"https:\/\/osmanlipartisi.org.tr\/index.php?rest_route=\/wp\/v2\/pages"}],"about":[{"href":"https:\/\/osmanlipartisi.org.tr\/index.php?rest_route=\/wp\/v2\/types\/page"}],"author":[{"embeddable":true,"href":"https:\/\/osmanlipartisi.org.tr\/index.php?rest_route=\/wp\/v2\/users\/1"}],"replies":[{"embeddable":true,"href":"https:\/\/osmanlipartisi.org.tr\/index.php?rest_route=%2Fwp%2Fv2%2Fcomments&post=879"}],"version-history":[{"count":4,"href":"https:\/\/osmanlipartisi.org.tr\/index.php?rest_route=\/wp\/v2\/pages\/879\/revisions"}],"predecessor-version":[{"id":883,"href":"https:\/\/osmanlipartisi.org.tr\/index.php?rest_route=\/wp\/v2\/pages\/879\/revisions\/883"}],"wp:attachment":[{"href":"https:\/\/osmanlipartisi.org.tr\/index.php?rest_route=%2Fwp%2Fv2%2Fmedia&parent=879"}],"curies":[{"name":"wp","href":"https:\/\/api.w.org\/{rel}","templated":true}]}}